{"id":13,"date":"2024-03-19T16:06:11","date_gmt":"2024-03-19T16:06:11","guid":{"rendered":"https:\/\/akro.bike\/?page_id=13"},"modified":"2024-03-19T16:09:54","modified_gmt":"2024-03-19T16:09:54","slug":"terms_and_conditions","status":"publish","type":"page","link":"https:\/\/akro.bike\/es\/terms_and_conditions\/","title":{"rendered":"T &amp; C"},"content":{"rendered":"<h1 class=\"wp-block-heading\">T\u00e9rminos y condiciones generales de venta<\/h1>\n\n\n\n<h2 class=\"wp-block-heading\">General<\/h2>\n\n\n\n<p>Estos T\u00e9rminos y Condiciones Generales de Venta se consideran aceptados \u00edntegramente por el cliente y no pueden ser modificados por cl\u00e1usulas contrarias que aparezcan en cualquier soporte por orden de nuestros clientes, a menos que exista un acuerdo escrito antes de cualquier aceptaci\u00f3n del pedido.<\/p>\n\n\n\n<h2 class=\"wp-block-heading\">Pedido<\/h2>\n\n\n\n<p>El pedido \u00fanicamente incluir\u00e1 el material especificado en el acuse de recepci\u00f3n o factura de entrega que confirme el pedido. Cualquier modificaci\u00f3n o suministro adicional se facturar\u00e1 por separado. Cualquier modificaci\u00f3n o cancelaci\u00f3n del pedido por parte del cliente se considerar\u00e1 \u00fanicamente si llega a AKROVALIS S.L. por escrito antes de iniciar su elaboraci\u00f3n y previa aceptaci\u00f3n por escrito por parte de AKROVALIS SL. Las modificaciones posteriores podr\u00e1n conllevar gastos adicionales, que ser\u00e1n indicados al cliente para su aceptaci\u00f3n, pudiendo, en su caso, provocar un retraso en la entrega del pedido en cuesti\u00f3n. Cualquier pedido no ser\u00e1 definitivo hasta nuestra aceptaci\u00f3n.<\/p>\n\n\n\n<h2 class=\"wp-block-heading\">Precio<\/h2>\n\n\n\n<p>El precio es el importe establecido por nuestras ofertas o tarifas vigentes, indicado en la p\u00e1gina web el d\u00eda y hora de la compra, salvo error u omisi\u00f3n, que, en su caso, ser\u00e1 inmediatamente comunicado al cliente para que pueda ejercer su derecho de desistimiento si lo desean. La menci\u00f3n de nuestros precios en la web se establece con impuestos incluidos para el mercado nacional (las zonas de Canarias, Ceuta y Melilla, en el momento de indicar la direcci\u00f3n de env\u00edo, estar\u00e1n exentas de IVA seg\u00fan el art\u00edculo 21 de la Ley 37 \/1992, de 28 de diciembre, del Impuesto sobre el Valor A\u00f1adido). Los precios e informaci\u00f3n de cat\u00e1logos, folletos y tarifas son orientativos y est\u00e1n sujetos a revisi\u00f3n y modificaci\u00f3n, en cuyo caso ser\u00e1 notificado oportunamente, y el precio v\u00e1lido ser\u00e1 el indicado en la factura en el momento del env\u00edo.<\/p>\n\n\n\n<h2 class=\"wp-block-heading\">Envio<\/h2>\n\n\n\n<p>Los plazos de entrega se proporcionan \u00fanicamente a t\u00edtulo indicativo, a partir de la \u00faltima de las siguientes fechas: acuse de recibo del pedido, recepci\u00f3n de informaci\u00f3n adicional y pago anticipado. La entrega del producto se considerar\u00e1 realizada en el momento de la entrega directa al cliente, mediante notificaci\u00f3n de disponibilidad o mediante entrega del material solicitado a un remitente o transportista. Los productos, incluso si se env\u00edan libres de gastos de transporte, viajan por cuenta y riesgo del destinatario, quien ejercer\u00e1 las acciones oportunas contra el transportista si fuera necesario.<\/p>\n\n\n\n<h2 class=\"wp-block-heading\">Pago<\/h2>\n\n\n\n<p>Todos los pedidos se pueden pagar mediante transferencia bancaria, tarjeta de d\u00e9bito\/cr\u00e9dito, PayPal o Scalapay. Los m\u00e9todos de pago est\u00e1n disponibles en el \u00faltimo paso para confirmar el pedido. Tenga en cuenta que cualquier orden de pago pendiente no proceder\u00e1 con el env\u00edo.<\/p>\n\n\n\n<p>Confirmaci\u00f3n de Compra \u2013 Si compras con Scalapay, recibir\u00e1s tu pedido y pagar\u00e1s en 3 cuotas. Usted confirma que las cuotas ser\u00e1n vendidas y compradas por Retail Installments SPV 1 Limited, a las partes relacionadas y sus beneficiarios, y por la presente autoriza y consiente incondicional e irrevocablemente esta compra.<\/p>\n\n\n\n<h2 class=\"wp-block-heading\">Condiciones de transporte<\/h2>\n\n\n\n<p><strong>Pen\u00ednsula Ib\u00e9rica<\/strong><\/p>\n\n\n\n<p>El coste de env\u00edo ser\u00e1 de 5\u20ac y el plazo de entrega es de 24 a 48 horas laborables.<\/p>\n\n\n\n<p>Para env\u00edos a Andorra el importe es de 30\u20ac, y el plazo de entrega es de entre 3 y 4 d\u00edas laborables.<\/p>\n\n\n\n<p>Para env\u00edos a Gibraltar el importe es de 30\u20ac, y el plazo de entrega es de entre 3 y 4 d\u00edas laborables.<\/p>\n\n\n\n<p><strong>Islas Baleares<\/strong><\/p>\n\n\n\n<p>El coste de env\u00edo ser\u00e1 de 5\u20ac y el plazo de entrega es de 3 a 4 d\u00edas laborables.<\/p>\n\n\n\n<p><strong>Islas Canarias, Ceuta y Melilla<\/strong><\/p>\n\n\n\n<p>El coste del servicio de transporte es de 29,04\u20ac y el plazo estimado de entrega es de 3 a 4 d\u00edas h\u00e1biles. Los plazos de entrega tanto en las Islas como en Ceuta y Melilla est\u00e1n sujetos a tr\u00e1mites aduaneros, siendo el destinatario responsable de los impuestos y aranceles de importaci\u00f3n.<\/p>\n\n\n\n<p><strong>Europa<\/strong><\/p>\n\n\n\n<p>El plazo de entrega es de 1 a 5 d\u00edas h\u00e1biles. Los env\u00edos tienen un costo basado en la zona de env\u00edo que se detalla a continuaci\u00f3n:<\/p>\n\n\n\n<p><strong>ZONA 1, 2 y 3 (Europa Occidental):<\/strong> El coste de env\u00edo a estas zonas es de 15\u20ac por pedido, y los pa\u00edses cubiertos por estas zonas son Alemania, Austria, B\u00e9lgica, Dinamarca, Eslovaquia, Eslovenia, Francia, Liechtenstein, Luxemburgo, M\u00f3naco, Pa\u00edses Bajos, Polonia, Rep\u00fablica Checa y Suiza.<br><strong>ZONAS 4 y 5 (Europa del Este y Norte)<\/strong>: El coste para estas zonas de env\u00edo ser\u00e1 de 15\u20ac por pedido, y los pa\u00edses cubiertos por estas zonas son Albania, Bosnia y Herzegovina, Bielorrusia, Bulgaria, Chipre, Croacia, Estonia, Finlandia, Grecia, Hungr\u00eda, Irlanda, Islandia, Islas Feroe. , Kosovo, Letonia, Lituania, Macedonia, Malta, Montenegro, Noruega, Rumania, Rusia, Serbia, Suecia, Turqu\u00eda y Ucrania.<br><\/p>\n\n\n\n<p><strong>Resto del mundo<\/strong><\/p>\n\n\n\n<p>El plazo de entrega es de 3 a 8 d\u00edas h\u00e1biles para env\u00edos a Am\u00e9rica, \u00c1frica, Asia y Ocean\u00eda.<\/p>\n\n\n\n<p>El coste de env\u00edo se mostrar\u00e1 antes de completar una compra, dependiendo de la direcci\u00f3n de env\u00edo de cada pedido.<\/p>\n\n\n\n<h2 class=\"wp-block-heading\"><strong>Cambios y devoluciones<\/strong><\/h2>\n\n\n\n<p>De acuerdo con la normativa vigente, el cliente podr\u00e1 cambiar o devolver la mercanc\u00eda sin explicaci\u00f3n en un plazo m\u00e1ximo de 14 d\u00edas, siempre que la mercanc\u00eda tenga todos sus elementos y se encuentre en su embalaje original. Se rechazar\u00e1 el cambio o devoluci\u00f3n si el producto ha sido usado o manipulado, existe da\u00f1o, mal uso o cualquier da\u00f1o por causas externas. En cualquier caso, los gastos de transporte para cambios o devoluciones correr\u00e1n a cargo del cliente. El importe de la compra ser\u00e1 reembolsado por el mismo medio que el pago, previa verificaci\u00f3n del estado de la mercanc\u00eda.<\/p>\n\n\n\n<ul class=\"wp-block-list\">\n<li>En el caso de adquirir un contenedor no se aceptar\u00e1n devoluciones ni cambios por motivos de salud.<\/li>\n<\/ul>\n\n\n\n<h2 class=\"wp-block-heading\">Servicio Postventa<\/h2>\n\n\n\n<p>AKROVALIS SL garantizar\u00e1 el servicio postventa. La mercanc\u00eda defectuosa deber\u00e1 ser devuelta, junto con el preceptivo comprobante de compra, y previa recepci\u00f3n de la confirmaci\u00f3n de AKROVALIS S.L., que podr\u00e1 emitir un n\u00famero de autorizaci\u00f3n. La devoluci\u00f3n deber\u00e1 realizarse por cuenta del cliente. Los costes de reparaci\u00f3n del material no cubierto por la garant\u00eda deber\u00e1n abonarse por adelantado.<\/p>\n\n\n\n<h2 class=\"wp-block-heading\">Ley aplicable y jurisdicci\u00f3n<\/h2>\n\n\n\n<p>En lo no previsto expresamente en este contrato, las partes se regir\u00e1n por las disposiciones del C\u00f3digo de Comercio, leyes especiales, usos comerciales y, en su defecto, por las disposiciones del C\u00f3digo Civil. Cualquier disputa, diferencia o reclamaci\u00f3n que surja de este Contrato, incluyendo en particular, su informaci\u00f3n, validez, exigibilidad, interpretaci\u00f3n, cumplimiento, incumplimiento o terminaci\u00f3n, as\u00ed como cualesquiera reclamaciones extracontractuales que puedan surgir, estar\u00e1n sujetas a la jurisdicci\u00f3n de los Juzgados y Tribunales de Barcelona.<\/p>\n\n\n\n<h2 class=\"wp-block-heading\">Informaci\u00f3n de contacto<\/h2>\n\n\n\n<p>Para cualquier duda, reclamaci\u00f3n o aclaraci\u00f3n los datos de contacto son: info@akrovalis.com<\/p>","protected":false},"excerpt":{"rendered":"<p>General Terms &amp; Conditions of Sale General These General Terms and Conditions of Sale are considered accepted in full by the customer and cannot be modified by contrary clauses appearing on any medium by order of our customers, unless there is a written agreement before any order acceptance. Order The order will only include the [&#8230;]\n","protected":false},"author":1,"featured_media":0,"parent":0,"menu_order":0,"comment_status":"closed","ping_status":"closed","template":"","meta":{"footnotes":""},"class_list":["post-13","page","type-page","status-publish","hentry"],"_links":{"self":[{"href":"https:\/\/akro.bike\/es\/wp-json\/wp\/v2\/pages\/13","targetHints":{"allow":["GET"]}}],"collection":[{"href":"https:\/\/akro.bike\/es\/wp-json\/wp\/v2\/pages"}],"about":[{"href":"https:\/\/akro.bike\/es\/wp-json\/wp\/v2\/types\/page"}],"author":[{"embeddable":true,"href":"https:\/\/akro.bike\/es\/wp-json\/wp\/v2\/users\/1"}],"replies":[{"embeddable":true,"href":"https:\/\/akro.bike\/es\/wp-json\/wp\/v2\/comments?post=13"}],"version-history":[{"count":2,"href":"https:\/\/akro.bike\/es\/wp-json\/wp\/v2\/pages\/13\/revisions"}],"predecessor-version":[{"id":988,"href":"https:\/\/akro.bike\/es\/wp-json\/wp\/v2\/pages\/13\/revisions\/988"}],"wp:attachment":[{"href":"https:\/\/akro.bike\/es\/wp-json\/wp\/v2\/media?parent=13"}],"curies":[{"name":"wp","href":"https:\/\/api.w.org\/{rel}","templated":true}]}}