{"id":3,"date":"2024-02-16T08:56:09","date_gmt":"2024-02-16T08:56:09","guid":{"rendered":"https:\/\/akro.bike\/?page_id=3"},"modified":"2024-03-20T09:18:59","modified_gmt":"2024-03-20T09:18:59","slug":"privacy-policy","status":"publish","type":"page","link":"https:\/\/akro.bike\/es\/privacy-policy\/","title":{"rendered":"Pol\u00edtica de Privacidad"},"content":{"rendered":"<h2 class=\"wp-block-heading\">POL\u00cdTICA DE PRIVACIDAD<\/h2>\n\n\n\n<p>El acceso a los sitios web de AKROVALIS, S.L., https:\/\/akro.bike, y a trav\u00e9s de los diversos canales o redes sociales disponibles, que permiten el acceso digital a nuestra empresa mediante la visualizaci\u00f3n de departamentos y actividades, ser\u00e1 de libre acceso. Sin embargo, esto no implica que se pueda hacer un mal uso, sino m\u00e1s bien dentro del marco legal establecido para este fin, excepto para algunas \u00e1reas como la compra o contrataci\u00f3n, donde los clientes y usuarios interesados deber\u00e1n proporcionar ciertos datos personales para contactarnos posteriormente por tel\u00e9fono o correo electr\u00f3nico, y para informarles sobre los servicios solicitados, o para tener acceso directo a nuestro sitio web a trav\u00e9s del registro habilitado para compras o servicios.<\/p>\n\n\n\n<p>El acceso a los sitios web de AKROVALIS, S.L. y a trav\u00e9s de su marca https:\/\/akro.bike, en adelante Sitio Web, es de libre acceso, y los datos transmitidos son para uso exclusivo de nuestra empresa, la cual NO vender\u00e1, ceder\u00e1 ni informar\u00e1 a terceros, salvo obligaci\u00f3n legal o petici\u00f3n judicial.<\/p>\n\n\n\n<p>A trav\u00e9s del sitio web \u00fanicamente se solicitar\u00e1n datos b\u00e1sicos, utilizando otros canales de env\u00edo y recepci\u00f3n de documentos, salvo autorizaci\u00f3n expresa del usuario.<\/p>\n\n\n\n<p>No tenemos acceso directo a tus datos, ni nuestros sistemas nos permiten conocerlos salvo que nos los hayas comunicado expresamente, como nombre, tel\u00e9fono, direcci\u00f3n, correo electr\u00f3nico, etc. Sin embargo, utilizamos cookies para facilitarte la navegaci\u00f3n. y con fines estad\u00edsticos. Nuestra empresa se compromete, como no podr\u00eda ser de otra manera, a respetar y cumplir en todo momento la legislaci\u00f3n vigente y la adaptaci\u00f3n que en cada momento pueda ser necesaria, respetando los principios de transparencia recogidos en el RGPD. Ver Pol\u00edtica de Cookies.<\/p>\n\n\n\n<p>AKROVALIS SL se reserva el derecho de adaptar y actualizar esta pol\u00edtica de privacidad de acuerdo con la normativa vigente y las actualizaciones o cambios que pueda realizar el legislador.<\/p>\n\n\n\n<p>El usuario es responsable y garantiza que los datos facilitados en nuestras p\u00e1ginas, como sus datos personales, son verdaderos y le pertenecen como persona f\u00edsica o jur\u00eddica, siendo cualquier inexactitud o falsedad de dichos datos es responsabilidad exclusiva del usuario.<\/p>\n\n\n\n<p><strong>QU\u00c9 DATOS COMPARTIMOS Y HERRAMIENTAS DE TERCEROS QUE UTILIZAMOS<br><\/strong>No compartimos datos personales de nuestros clientes y usuarios con terceros, pero compartimos su acceso a la navegaci\u00f3n por las diferentes \u00e1reas de nuestro sitio web con nuestros proveedores de servicios tecnol\u00f3gicos, con el fin de analizar qu\u00e9 es de m\u00e1s inter\u00e9s y analizar la dificultad o facilidad. de navegaci\u00f3n.<\/p>\n\n\n\n<p>En alg\u00fan momento de nuestra relaci\u00f3n comercial y dependiendo de la finalidad del servicio contratado, pueden intervenir diversas empresas de renombre, si bien los servicios principales son realizados por:<\/p>\n\n\n\n<p>GOOGLE, INC. DELAWARE, Mountain View (California), que cumple con los est\u00e1ndares europeos. Puede consultar el acuerdo Privacy Shield entre la UE y EE. UU. en: https:\/\/support.google.com\/analytics\/answer\/7105316?hl=en<\/p>\n\n\n\n<p>Transporte: trabajamos con GLS y CORREOS. Buscamos siempre la empresa m\u00e1s eficiente para realizar env\u00edos a la ciudad de destino.<\/p>\n\n\n\n<p><strong>FORMULARIOS INSERTADOS EN NUESTRO SITIO WEB<br><\/strong>Informamos que los datos facilitados voluntariamente por el usuario en nuestra p\u00e1gina web son para uso exclusivo de nuestra empresa. No son vendidos, cedidos ni informados a terceros y son tratados con total confidencialidad.<\/p>\n\n\n\n<p><strong>PASARELA DE PAGO<br><\/strong>Informamos que los datos bancarios y de tarjetas de cr\u00e9dito al realizar un pago a trav\u00e9s de nuestra web no se transfieren a nuestras bases de datos, sino que se transfieren directamente al banco a trav\u00e9s de la pasarela de pago, sin dejar ning\u00fan dato de su tarjeta en nuestros ficheros. Es una transacci\u00f3n usuario-banco entidad, inform\u00e1ndonos el banco de que has realizado el pago, pero no inform\u00e1ndonos de tus datos bancarios.<\/p>\n\n\n\n<p><strong>DERECHO DE ACCESO, RECTIFICACI\u00d3N Y SUPRESI\u00d3N DE LOS DATOS PERSONALES DEL USUARIO<br><\/strong>El usuario podr\u00e1 ejercer los derechos de acceso, rectificaci\u00f3n, cancelaci\u00f3n, oposici\u00f3n, limitaci\u00f3n y portabilidad de sus datos personales en cualquier momento de acuerdo con lo dispuesto en la Ley Org\u00e1nica 15\/1999 de Protecci\u00f3n de Datos (LOPD), de acuerdo con su reciente adaptaci\u00f3n. del reglamento europeo GDPR.<\/p>\n\n\n\n<p>La limitaci\u00f3n o supresi\u00f3n de los datos personales podr\u00e1 llevarse a cabo si no existen obligaciones legales que impongan un plazo de conservaci\u00f3n concreto, como es el caso de las facturas, que deber\u00e1n conservarse durante el plazo legal que establezca la Agencia Tributaria en cada momento.<\/p>\n\n\n\n<p>Para ejercer sus derechos, el usuario indicar\u00e1 su intenci\u00f3n al responsable del tratamiento de AKROVALIS SL, por escrito, preferentemente por correo electr\u00f3nico, aunque tambi\u00e9n podr\u00e1 hacerlo mediante correo ordinario con identificaci\u00f3n inequ\u00edvoca de su persona, indicando que desea ejercer sus derechos. y adjuntando DNI o NIE en vigor escaneado o fotocopiado, pudi\u00e9ndose realizar en las siguientes direcciones de correo electr\u00f3nico: responsable del tratamiento: info@akrovalis.com o el encargado del tratamiento, y Delegado de Protecci\u00f3n de Datos dpdakrovalis@lydiajardi.com.<\/p>\n\n\n\n<p>Si considera que sus datos no han sido tratados correctamente, puede presentar una reclamaci\u00f3n ante la Agencia Espa\u00f1ola de Protecci\u00f3n de Datos. www.aepd.es<\/p>\n\n\n\n<p><strong>PROCESADORES DE DATOS<br><\/strong>Responsable del tratamiento: AKROVALIS SL, CIF: B-66189739 con domicilio social en Calle Ramon Casas, 3, Badalona (08911) Barcelona.<\/p>\n\n\n\n<p>Encargada del tratamiento y Delegada de Protecci\u00f3n de Datos: Lydia Jard\u00ed. AV. Carrilet, 3, edificio D, 2\u00ba piso. Ciudad de la Justicia de Barcelona y L\u2019Hospitalet -08902- L\u2019Hospitalet (Barcelona)<\/p>\n\n\n\n<p>Correo electr\u00f3nico responsable: info@akrovalis.com<br>Encargado del tratamiento y correo electr\u00f3nico del DPD: dpdabogadalydia@akrovalis.com<\/p>\n\n\n\n<p>Finalidad del tratamiento: AKROVALIS SL es titular del sitio web y dominio https:\/\/akro.bike, y utiliza la informaci\u00f3n proporcionada y transmitida para la relaci\u00f3n comercial de compra y venta de los productos ofrecidos en el sitio web y para gestionar consultas e informaci\u00f3n de inter\u00e9s para al usuario para mejorar su experiencia de usuario. Sus datos no se venden ni se cede a terceros y son para uso exclusivo de AKROVALIS SL.<\/p>\n\n\n\n<p>Podemos recopilar su nombre y direcci\u00f3n de correo electr\u00f3nico para enviarle nuestros correos electr\u00f3nicos promocionales. Esta informaci\u00f3n podr\u00eda usarse para comunicarnos con usted sobre ventas, ofertas especiales y nuevos lanzamientos. Puede oponerse a dicho uso en cualquier momento y sin dar ning\u00fan motivo (por ejemplo, haciendo clic en el enlace para cancelar la suscripci\u00f3n en nuestros correos electr\u00f3nicos de marketing).<\/p>\n\n\n\n<p>Legitimaci\u00f3n del tratamiento: No tenemos acceso a tus datos salvo que t\u00fa consientas porque t\u00fa nos los has facilitado, y ser\u00e1n almacenados en nuestra base de datos para realizar la venta e informarte de tu pedido y de los productos que pueden ser de tu inter\u00e9s. A usted.<\/p>\n\n\n\n<p>Los datos que nos facilitas para el pago de la compra de nuestros productos son redirigidos autom\u00e1ticamente a una pasarela de pago para la comunicaci\u00f3n exclusiva entre t\u00fa y el banco, por lo que no tratamos ni almacenamos tus datos.<\/p>\n\n\n\n<p>Destinatario de tus datos: Tus datos son para uso exclusivo de AKROVALIS SL. No transferimos ni vendemos<\/p>\n\n\n\n<p>cualquier dato de nuestros clientes, clientes potenciales, usuarios o visitantes de nuestro Sitio Web.<\/p>\n\n\n\n<p>Para que tu pedido llegue a la direcci\u00f3n que nos has facilitado utilizamos transporte propio, mensajer\u00eda y transporte nacional e internacional con empresas acreditadas de primera l\u00ednea, con las que tenemos firmado un contrato de confidencialidad y no transmisi\u00f3n, venta o cesi\u00f3n. del acuerdo de datos del cliente.<\/p>\n\n\n\n<p><strong>OTRA INFORMACI\u00d3N SOBRE LOS DATOS PERSONALES DEL USUARIO<br>PER\u00cdODO DE RETENCI\u00d3N DE TUS DATOS PERSONALES EN NUESTROS SISTEMAS<\/strong><br>Los datos personales del usuario de nuestro Sitio Web se conservar\u00e1n mientras dure la relaci\u00f3n e intercambio de informaci\u00f3n y relaci\u00f3n comercial de compra-venta, que estar\u00e1n sujetos a distintos plazos en funci\u00f3n del tipo de relaci\u00f3n.<\/p>\n\n\n\n<p>En el caso de los clientes, por obligaciones fiscales, aunque ejerzan el derecho de cancelaci\u00f3n de sus datos, deber\u00e1n permanecer en nuestros sistemas durante el tiempo previsto por la ley por motivos tributarios y fiscales. Pasado este plazo, ser\u00e1n destruidos.<\/p>\n\n\n\n<p>Para los usuarios del Sitio Web que soliciten informaci\u00f3n y nos faciliten sus datos, sin ser compradores, sus datos permanecer\u00e1n en nuestras bases de datos, y a petici\u00f3n del usuario, ser\u00e1n eliminados de forma inmediata, si es posible y en un plazo m\u00e1ximo de 30 d\u00edas. d\u00edas desde su solicitud.<\/p>\n\n\n\n<p><strong>ORIGEN DE LOS DATOS<br><\/strong>Los datos de las personas f\u00edsicas con las que AKIROVALIS SL mantiene o puede mantener una relaci\u00f3n comercial se obtienen siempre a trav\u00e9s del cliente o usuario de nuestro Sitio Web, y podr\u00e1n obtenerse al realizar una compra en nuestro Sitio Web, o al solicitar informaci\u00f3n, as\u00ed como durante ferias. y congresos, y todos ellos son facilitados de forma voluntaria y con los avisos legales pertinentes antes de la cumplimentaci\u00f3n de los formularios, que tambi\u00e9n nos pueden facilitar por correo postal, correo electr\u00f3nico o mensajer\u00eda instant\u00e1nea.<\/p>\n\n\n\n<p><strong>CATEGOR\u00cdA DE DATOS<br><\/strong>Los datos solicitados para prestar nuestros servicios de informaci\u00f3n y compra son b\u00e1sicos, no solicit\u00e1ndose datos que requieran seguridad Media o Alta, ya que los datos que pueden requerir esta seguridad como los pagos con tarjeta se realizan a trav\u00e9s de una pasarela de pago del banco que se desconecta moment\u00e1neamente de nuestra Sitio web y se conecta directamente, iniciando la transacci\u00f3n econ\u00f3mica que se realiza entre el banco y el comprador, sin intervenci\u00f3n de AKROVALIS SL. Hasta que se complete la transacci\u00f3n, momento en el que se vuelve a conectar autom\u00e1ticamente a nuestro sitio web.<\/p>\n\n\n\n<p><strong>BASES DE DATOS DE TERCEROS<br><\/strong>AKROVALIS SL no utiliza datos de bases de datos de terceros, sean leg\u00edtimos o no, ya sea mediante compra o mediante transferencia, ya que se obtienen voluntariamente de los interesados. Si esta situaci\u00f3n se produjera en el futuro, de conformidad con el RGPD, se informar\u00e1 a los interesados \u200b\u200bde la obtenci\u00f3n de sus datos en un plazo razonable o, en la primera comunicaci\u00f3n con el interesado, sin necesidad de solicitud previa.<\/p>\n\n\n\n<p><strong>SEGURIDAD<\/strong><br>Nos preocupamos y valoramos nuestros sistemas de seguridad y detecci\u00f3n de peligros potenciales, ya que su seguridad es la nuestra. Si tuvi\u00e9ramos alg\u00fan fallo en nuestros sistemas que pudiera poner en peligro los datos de nuestros clientes, ya sea por motivos propios o de terceros, te lo comunicar\u00edamos inmediatamente y te facilitar\u00edamos la informaci\u00f3n necesaria para informarte de lo sucedido y del tiempo necesario. para restablecer las comunicaciones seguras, si a\u00fan no se ha resuelto. Si se ha solucionado tambi\u00e9n te informaremos para que cambies las contrase\u00f1as de Registro.<\/p>\n\n\n\n<p>En caso de producirse una brecha de seguridad en nuestros sistemas, adem\u00e1s de informarle, tambi\u00e9n procederemos a notificar a la Agencia Espa\u00f1ola de Protecci\u00f3n de Datos que se ha producido dicha brecha, en calle Jorge Juan, 6, 28001 MADRID, Tel. 901 100 099, cumpliendo la normativa vigente.<\/p>","protected":false},"excerpt":{"rendered":"<p>PRIVACY POLICY Access to the websites of AKROVALIS, S.L., https:\/\/akro.bike, and through the various channels or social networks available, which allow digital access to our company by viewing departments and activities, will be freely accessible. However, this does not imply that misuse can be made, but rather within the legal framework established for this purpose, [&#8230;]\n","protected":false},"author":1,"featured_media":0,"parent":0,"menu_order":0,"comment_status":"closed","ping_status":"closed","template":"","meta":{"footnotes":""},"class_list":["post-3","page","type-page","status-publish","hentry"],"_links":{"self":[{"href":"https:\/\/akro.bike\/es\/wp-json\/wp\/v2\/pages\/3","targetHints":{"allow":["GET"]}}],"collection":[{"href":"https:\/\/akro.bike\/es\/wp-json\/wp\/v2\/pages"}],"about":[{"href":"https:\/\/akro.bike\/es\/wp-json\/wp\/v2\/types\/page"}],"author":[{"embeddable":true,"href":"https:\/\/akro.bike\/es\/wp-json\/wp\/v2\/users\/1"}],"replies":[{"embeddable":true,"href":"https:\/\/akro.bike\/es\/wp-json\/wp\/v2\/comments?post=3"}],"version-history":[{"count":1,"href":"https:\/\/akro.bike\/es\/wp-json\/wp\/v2\/pages\/3\/revisions"}],"predecessor-version":[{"id":1003,"href":"https:\/\/akro.bike\/es\/wp-json\/wp\/v2\/pages\/3\/revisions\/1003"}],"wp:attachment":[{"href":"https:\/\/akro.bike\/es\/wp-json\/wp\/v2\/media?parent=3"}],"curies":[{"name":"wp","href":"https:\/\/api.w.org\/{rel}","templated":true}]}}