{"id":391,"date":"2024-02-26T16:34:31","date_gmt":"2024-02-26T16:34:31","guid":{"rendered":"https:\/\/akro.bike\/product\/akro-winter-hat\/"},"modified":"2024-04-16T11:24:48","modified_gmt":"2024-04-16T11:24:48","slug":"akro-winter-hat","status":"publish","type":"product","link":"https:\/\/akro.bike\/es\/producto\/akro-winter-hat\/","title":{"rendered":"AKRO WINTER HAT"},"content":{"rendered":"<p>Gorro t\u00e9rmico interior con solapas para los o\u00eddos para casco de bicicleta, con forro interior de polar, protecci\u00f3n contra el viento y transpirabilidad. No bloquea el sonido ambiente gracias a las perforaciones incorporadas.<\/p>","protected":false},"excerpt":{"rendered":"<p>Gorro t\u00e9rmico interior con solapas para los o\u00eddos para casco de bicicleta, con forro interior de polar, protecci\u00f3n contra el viento y transpirabilidad. No bloquea el sonido ambiente gracias a las perforaciones incorporadas.<\/p>","protected":false},"featured_media":1169,"template":"","meta":[],"product_brand":[],"product_cat":[69],"product_tag":[],"class_list":{"0":"post-391","1":"product","2":"type-product","3":"status-publish","4":"has-post-thumbnail","6":"product_cat-cold-protection-accesories","8":"first","9":"instock","10":"taxable","11":"shipping-taxable","12":"purchasable","13":"product-type-simple"},"_links":{"self":[{"href":"https:\/\/akro.bike\/es\/wp-json\/wp\/v2\/product\/391","targetHints":{"allow":["GET"]}}],"collection":[{"href":"https:\/\/akro.bike\/es\/wp-json\/wp\/v2\/product"}],"about":[{"href":"https:\/\/akro.bike\/es\/wp-json\/wp\/v2\/types\/product"}],"wp:featuredmedia":[{"embeddable":true,"href":"https:\/\/akro.bike\/es\/wp-json\/wp\/v2\/media\/1169"}],"wp:attachment":[{"href":"https:\/\/akro.bike\/es\/wp-json\/wp\/v2\/media?parent=391"}],"wp:term":[{"taxonomy":"product_brand","embeddable":true,"href":"https:\/\/akro.bike\/es\/wp-json\/wp\/v2\/product_brand?post=391"},{"taxonomy":"product_cat","embeddable":true,"href":"https:\/\/akro.bike\/es\/wp-json\/wp\/v2\/product_cat?post=391"},{"taxonomy":"product_tag","embeddable":true,"href":"https:\/\/akro.bike\/es\/wp-json\/wp\/v2\/product_tag?post=391"}],"curies":[{"name":"wp","href":"https:\/\/api.w.org\/{rel}","templated":true}]}}