{"id":397,"date":"2024-02-26T16:34:31","date_gmt":"2024-02-26T16:34:31","guid":{"rendered":"https:\/\/akro.bike\/product\/sweat-cover\/"},"modified":"2024-03-13T11:30:41","modified_gmt":"2024-03-13T11:30:41","slug":"sweat-cover","status":"publish","type":"product","link":"https:\/\/akro.bike\/es\/producto\/sweat-cover\/","title":{"rendered":"SWEAT COVER"},"content":{"rendered":"<p>Funda para sudor para entrenamiento de ciclismo en interiores con rodillo, dise\u00f1ada para evitar la corrosi\u00f3n de los componentes de la bicicleta debido al sudor. Cuenta con material absorbente y lavable, as\u00ed como correas ajustables, garantizando un entrenamiento limpio y sin preocupaciones.<\/p>","protected":false},"excerpt":{"rendered":"<p>Funda para sudor para entrenamiento de ciclismo en interiores con rodillo, dise\u00f1ada para evitar la corrosi\u00f3n de los componentes de la bicicleta debido al sudor. Cuenta con material absorbente y lavable, as\u00ed como correas ajustables, garantizando un entrenamiento limpio y sin preocupaciones.<\/p>","protected":false},"featured_media":756,"template":"","meta":[],"product_brand":[],"product_cat":[83],"product_tag":[],"class_list":{"0":"post-397","1":"product","2":"type-product","3":"status-publish","4":"has-post-thumbnail","6":"product_cat-bike-training-accesories","8":"first","9":"instock","10":"taxable","11":"shipping-taxable","12":"purchasable","13":"product-type-simple"},"_links":{"self":[{"href":"https:\/\/akro.bike\/es\/wp-json\/wp\/v2\/product\/397","targetHints":{"allow":["GET"]}}],"collection":[{"href":"https:\/\/akro.bike\/es\/wp-json\/wp\/v2\/product"}],"about":[{"href":"https:\/\/akro.bike\/es\/wp-json\/wp\/v2\/types\/product"}],"wp:featuredmedia":[{"embeddable":true,"href":"https:\/\/akro.bike\/es\/wp-json\/wp\/v2\/media\/756"}],"wp:attachment":[{"href":"https:\/\/akro.bike\/es\/wp-json\/wp\/v2\/media?parent=397"}],"wp:term":[{"taxonomy":"product_brand","embeddable":true,"href":"https:\/\/akro.bike\/es\/wp-json\/wp\/v2\/product_brand?post=397"},{"taxonomy":"product_cat","embeddable":true,"href":"https:\/\/akro.bike\/es\/wp-json\/wp\/v2\/product_cat?post=397"},{"taxonomy":"product_tag","embeddable":true,"href":"https:\/\/akro.bike\/es\/wp-json\/wp\/v2\/product_tag?post=397"}],"curies":[{"name":"wp","href":"https:\/\/api.w.org\/{rel}","templated":true}]}}