{"id":446,"date":"2024-02-26T16:50:03","date_gmt":"2024-02-26T16:50:03","guid":{"rendered":"https:\/\/akro.bike\/?post_type=product&#038;p=446"},"modified":"2024-04-16T11:24:04","modified_gmt":"2024-04-16T11:24:04","slug":"akro-gloves","status":"publish","type":"product","link":"https:\/\/akro.bike\/es\/producto\/akro-gloves\/","title":{"rendered":"AKRO GLOVES"},"content":{"rendered":"<p>Guantes t\u00e1ctiles y transpirables para ciclismo de monta\u00f1a y carretera, con tejido el\u00e1stico de 4 v\u00edas, lana absorbente de sudor y almohadillas acolchadas para mayor comodidad y protecci\u00f3n.<\/p>","protected":false},"excerpt":{"rendered":"<p>Guantes t\u00e1ctiles y transpirables para ciclismo de monta\u00f1a y carretera, con tejido el\u00e1stico de 4 v\u00edas, lana absorbente de sudor y almohadillas acolchadas para mayor comodidad y protecci\u00f3n.<\/p>","protected":false},"featured_media":1173,"template":"","meta":[],"product_brand":[],"product_cat":[69],"product_tag":[],"class_list":{"0":"post-446","1":"product","2":"type-product","3":"status-publish","4":"has-post-thumbnail","6":"product_cat-cold-protection-accesories","8":"first","9":"instock","10":"taxable","11":"shipping-taxable","12":"purchasable","13":"product-type-variable","14":"has-default-attributes"},"_links":{"self":[{"href":"https:\/\/akro.bike\/es\/wp-json\/wp\/v2\/product\/446","targetHints":{"allow":["GET"]}}],"collection":[{"href":"https:\/\/akro.bike\/es\/wp-json\/wp\/v2\/product"}],"about":[{"href":"https:\/\/akro.bike\/es\/wp-json\/wp\/v2\/types\/product"}],"wp:featuredmedia":[{"embeddable":true,"href":"https:\/\/akro.bike\/es\/wp-json\/wp\/v2\/media\/1173"}],"wp:attachment":[{"href":"https:\/\/akro.bike\/es\/wp-json\/wp\/v2\/media?parent=446"}],"wp:term":[{"taxonomy":"product_brand","embeddable":true,"href":"https:\/\/akro.bike\/es\/wp-json\/wp\/v2\/product_brand?post=446"},{"taxonomy":"product_cat","embeddable":true,"href":"https:\/\/akro.bike\/es\/wp-json\/wp\/v2\/product_cat?post=446"},{"taxonomy":"product_tag","embeddable":true,"href":"https:\/\/akro.bike\/es\/wp-json\/wp\/v2\/product_tag?post=446"}],"curies":[{"name":"wp","href":"https:\/\/api.w.org\/{rel}","templated":true}]}}