{"id":477,"date":"2024-02-26T17:07:23","date_gmt":"2024-02-26T17:07:23","guid":{"rendered":"https:\/\/akro.bike\/?post_type=product&#038;p=477"},"modified":"2024-04-16T11:28:49","modified_gmt":"2024-04-16T11:28:49","slug":"akro-overshoes","status":"publish","type":"product","link":"https:\/\/akro.bike\/es\/producto\/akro-overshoes\/","title":{"rendered":"AKRO OVERSHOES"},"content":{"rendered":"<p>Cubrebotas t\u00e9rmicos y resistentes al agua para ciclismo de invierno, con tela de Kevlar, dise\u00f1o sin calas y Velcro antideslizante para un ajuste seguro y c\u00f3modo tanto en ciclismo de carretera como de monta\u00f1a.<\/p>","protected":false},"excerpt":{"rendered":"<p>Cubrebotas t\u00e9rmicos y resistentes al agua para ciclismo de invierno, con tela de Kevlar, dise\u00f1o sin calas y Velcro antideslizante para un ajuste seguro y c\u00f3modo tanto en ciclismo de carretera como de monta\u00f1a.<\/p>","protected":false},"featured_media":1175,"template":"","meta":[],"product_brand":[],"product_cat":[69],"product_tag":[],"class_list":{"0":"post-477","1":"product","2":"type-product","3":"status-publish","4":"has-post-thumbnail","6":"product_cat-cold-protection-accesories","8":"first","9":"instock","10":"taxable","11":"shipping-taxable","12":"purchasable","13":"product-type-variable","14":"has-default-attributes"},"_links":{"self":[{"href":"https:\/\/akro.bike\/es\/wp-json\/wp\/v2\/product\/477","targetHints":{"allow":["GET"]}}],"collection":[{"href":"https:\/\/akro.bike\/es\/wp-json\/wp\/v2\/product"}],"about":[{"href":"https:\/\/akro.bike\/es\/wp-json\/wp\/v2\/types\/product"}],"wp:featuredmedia":[{"embeddable":true,"href":"https:\/\/akro.bike\/es\/wp-json\/wp\/v2\/media\/1175"}],"wp:attachment":[{"href":"https:\/\/akro.bike\/es\/wp-json\/wp\/v2\/media?parent=477"}],"wp:term":[{"taxonomy":"product_brand","embeddable":true,"href":"https:\/\/akro.bike\/es\/wp-json\/wp\/v2\/product_brand?post=477"},{"taxonomy":"product_cat","embeddable":true,"href":"https:\/\/akro.bike\/es\/wp-json\/wp\/v2\/product_cat?post=477"},{"taxonomy":"product_tag","embeddable":true,"href":"https:\/\/akro.bike\/es\/wp-json\/wp\/v2\/product_tag?post=477"}],"curies":[{"name":"wp","href":"https:\/\/api.w.org\/{rel}","templated":true}]}}