{"id":505,"date":"2024-02-27T09:44:21","date_gmt":"2024-02-27T09:44:21","guid":{"rendered":"https:\/\/akro.bike\/?post_type=product&#038;p=505"},"modified":"2024-05-07T09:18:30","modified_gmt":"2024-05-07T09:18:30","slug":"akro-mount-triple","status":"publish","type":"product","link":"https:\/\/akro.bike\/es\/producto\/akro-mount-triple\/","title":{"rendered":"AKRO MOUNT TRIPLE"},"content":{"rendered":"<p>Soporte triple para manillar que permite la sujeci\u00f3n simult\u00e1nea de un ordenador para ciclismo, una luz y una c\u00e1mara. Totalmente mecanizado por CNC, dise\u00f1ado para ciclismo y compatible con diversas marcas de veloc\u00edmetros. Incluye un soporte superior para el veloc\u00edmetro y dos soportes para GoPro.<\/p>","protected":false},"excerpt":{"rendered":"<p>Soporte triple para manillar que permite la sujeci\u00f3n simult\u00e1nea de un ordenador para ciclismo, una luz y una c\u00e1mara. Totalmente mecanizado por CNC, dise\u00f1ado para ciclismo y compatible con diversas marcas de veloc\u00edmetros. Incluye un soporte superior para el veloc\u00edmetro y dos soportes para GoPro.<\/p>","protected":false},"featured_media":702,"template":"","meta":[],"product_brand":[],"product_cat":[84],"product_tag":[99],"class_list":{"0":"post-505","1":"product","2":"type-product","3":"status-publish","4":"has-post-thumbnail","6":"product_cat-mounts-for-bicycle","7":"product_tag-front","9":"first","10":"instock","11":"taxable","12":"shipping-taxable","13":"purchasable","14":"product-type-variable","15":"has-default-attributes"},"_links":{"self":[{"href":"https:\/\/akro.bike\/es\/wp-json\/wp\/v2\/product\/505","targetHints":{"allow":["GET"]}}],"collection":[{"href":"https:\/\/akro.bike\/es\/wp-json\/wp\/v2\/product"}],"about":[{"href":"https:\/\/akro.bike\/es\/wp-json\/wp\/v2\/types\/product"}],"wp:featuredmedia":[{"embeddable":true,"href":"https:\/\/akro.bike\/es\/wp-json\/wp\/v2\/media\/702"}],"wp:attachment":[{"href":"https:\/\/akro.bike\/es\/wp-json\/wp\/v2\/media?parent=505"}],"wp:term":[{"taxonomy":"product_brand","embeddable":true,"href":"https:\/\/akro.bike\/es\/wp-json\/wp\/v2\/product_brand?post=505"},{"taxonomy":"product_cat","embeddable":true,"href":"https:\/\/akro.bike\/es\/wp-json\/wp\/v2\/product_cat?post=505"},{"taxonomy":"product_tag","embeddable":true,"href":"https:\/\/akro.bike\/es\/wp-json\/wp\/v2\/product_tag?post=505"}],"curies":[{"name":"wp","href":"https:\/\/api.w.org\/{rel}","templated":true}]}}