{"id":513,"date":"2024-02-27T10:28:32","date_gmt":"2024-02-27T10:28:32","guid":{"rendered":"https:\/\/akro.bike\/?post_type=product&#038;p=513"},"modified":"2024-05-07T09:18:30","modified_gmt":"2024-05-07T09:18:30","slug":"akro-mount-extensor","status":"publish","type":"product","link":"https:\/\/akro.bike\/es\/producto\/akro-mount-extensor\/","title":{"rendered":"AKRO MOUNT EXTENSOR"},"content":{"rendered":"<p>Doble extensor para un soporte, disponible en dos tama\u00f1os para una configuraci\u00f3n \u00f3ptima, permitiendo la instalaci\u00f3n simult\u00e1nea de iluminaci\u00f3n y c\u00e1mara GoPro.<\/p>","protected":false},"excerpt":{"rendered":"<p>Doble extensor para un soporte, disponible en dos tama\u00f1os para una configuraci\u00f3n \u00f3ptima, permitiendo la instalaci\u00f3n simult\u00e1nea de iluminaci\u00f3n y c\u00e1mara GoPro.<\/p>","protected":false},"featured_media":764,"template":"","meta":[],"product_brand":[],"product_cat":[84],"product_tag":[99],"class_list":{"0":"post-513","1":"product","2":"type-product","3":"status-publish","4":"has-post-thumbnail","6":"product_cat-mounts-for-bicycle","7":"product_tag-front","9":"first","10":"instock","11":"taxable","12":"shipping-taxable","13":"purchasable","14":"product-type-variable","15":"has-default-attributes"},"_links":{"self":[{"href":"https:\/\/akro.bike\/es\/wp-json\/wp\/v2\/product\/513","targetHints":{"allow":["GET"]}}],"collection":[{"href":"https:\/\/akro.bike\/es\/wp-json\/wp\/v2\/product"}],"about":[{"href":"https:\/\/akro.bike\/es\/wp-json\/wp\/v2\/types\/product"}],"wp:featuredmedia":[{"embeddable":true,"href":"https:\/\/akro.bike\/es\/wp-json\/wp\/v2\/media\/764"}],"wp:attachment":[{"href":"https:\/\/akro.bike\/es\/wp-json\/wp\/v2\/media?parent=513"}],"wp:term":[{"taxonomy":"product_brand","embeddable":true,"href":"https:\/\/akro.bike\/es\/wp-json\/wp\/v2\/product_brand?post=513"},{"taxonomy":"product_cat","embeddable":true,"href":"https:\/\/akro.bike\/es\/wp-json\/wp\/v2\/product_cat?post=513"},{"taxonomy":"product_tag","embeddable":true,"href":"https:\/\/akro.bike\/es\/wp-json\/wp\/v2\/product_tag?post=513"}],"curies":[{"name":"wp","href":"https:\/\/api.w.org\/{rel}","templated":true}]}}