{"id":529,"date":"2024-02-27T12:02:01","date_gmt":"2024-02-27T12:02:01","guid":{"rendered":"https:\/\/akro.bike\/?post_type=product&#038;p=529"},"modified":"2024-03-20T09:32:41","modified_gmt":"2024-03-20T09:32:41","slug":"akro-co2-inflator","status":"publish","type":"product","link":"https:\/\/akro.bike\/es\/producto\/akro-co2-inflator\/","title":{"rendered":"AKRO CO2 INFLATOR"},"content":{"rendered":"<p>El inflador de CO2 de Akro presenta un dise\u00f1o compacto y ligero con control de flujo de CO2 a trav\u00e9s de una palanca o bot\u00f3n, perfecto para inflar r\u00e1pidamente los neum\u00e1ticos de tu bicicleta durante tus paseos. Con mecanizado CNC completo y compatibilidad con v\u00e1lvulas Presta y Schrader, garantiza un rendimiento confiable y preciso en cualquier situaci\u00f3n.<\/p>","protected":false},"excerpt":{"rendered":"<p>El inflador de CO2 de Akro presenta un dise\u00f1o compacto y ligero con control de flujo de CO2 a trav\u00e9s de una palanca o bot\u00f3n, perfecto para inflar r\u00e1pidamente los neum\u00e1ticos de tu bicicleta durante tus paseos. Con mecanizado CNC completo y compatibilidad con v\u00e1lvulas Presta y Schrader, garantiza un rendimiento confiable y preciso en cualquier situaci\u00f3n.<\/p>","protected":false},"featured_media":958,"template":"","meta":[],"product_brand":[],"product_cat":[83],"product_tag":[],"class_list":{"0":"post-529","1":"product","2":"type-product","3":"status-publish","4":"has-post-thumbnail","6":"product_cat-bike-training-accesories","8":"first","9":"instock","10":"taxable","11":"shipping-taxable","12":"purchasable","13":"product-type-variable","14":"has-default-attributes"},"_links":{"self":[{"href":"https:\/\/akro.bike\/es\/wp-json\/wp\/v2\/product\/529","targetHints":{"allow":["GET"]}}],"collection":[{"href":"https:\/\/akro.bike\/es\/wp-json\/wp\/v2\/product"}],"about":[{"href":"https:\/\/akro.bike\/es\/wp-json\/wp\/v2\/types\/product"}],"wp:featuredmedia":[{"embeddable":true,"href":"https:\/\/akro.bike\/es\/wp-json\/wp\/v2\/media\/958"}],"wp:attachment":[{"href":"https:\/\/akro.bike\/es\/wp-json\/wp\/v2\/media?parent=529"}],"wp:term":[{"taxonomy":"product_brand","embeddable":true,"href":"https:\/\/akro.bike\/es\/wp-json\/wp\/v2\/product_brand?post=529"},{"taxonomy":"product_cat","embeddable":true,"href":"https:\/\/akro.bike\/es\/wp-json\/wp\/v2\/product_cat?post=529"},{"taxonomy":"product_tag","embeddable":true,"href":"https:\/\/akro.bike\/es\/wp-json\/wp\/v2\/product_tag?post=529"}],"curies":[{"name":"wp","href":"https:\/\/api.w.org\/{rel}","templated":true}]}}